{"id":86,"date":"2022-06-05T04:39:18","date_gmt":"2022-06-05T04:39:18","guid":{"rendered":"http:\/\/quiticol.com\/app\/webroot\/quiticol\/?page_id=86"},"modified":"2022-07-21T20:05:01","modified_gmt":"2022-07-21T20:05:01","slug":"home","status":"publish","type":"page","link":"https:\/\/quiticol.com\/app\/webroot\/quiticol\/en\/home\/","title":{"rendered":"Home"},"content":{"rendered":"\n\n\n\n<div class=\"wp-block-columns is-layout-flex wp-container-core-columns-is-layout-9d6595d7 wp-block-columns-is-layout-flex\">\n<div class=\"wp-block-column is-layout-flow wp-block-column-is-layout-flow\">\n<figure class=\"wp-block-image size-large\"><img loading=\"lazy\" decoding=\"async\" width=\"1024\" height=\"683\" src=\"https:\/\/quiticol.com\/app\/webroot\/quiticol\/wp-content\/uploads\/2022\/06\/img_markets-1024x683.png\" alt=\"\" class=\"wp-image-32\" srcset=\"https:\/\/quiticol.com\/app\/webroot\/quiticol\/wp-content\/uploads\/2022\/06\/img_markets-1024x683.png 1024w, https:\/\/quiticol.com\/app\/webroot\/quiticol\/wp-content\/uploads\/2022\/06\/img_markets-300x200.png 300w, https:\/\/quiticol.com\/app\/webroot\/quiticol\/wp-content\/uploads\/2022\/06\/img_markets-768x512.png 768w, https:\/\/quiticol.com\/app\/webroot\/quiticol\/wp-content\/uploads\/2022\/06\/img_markets.png 1380w\" sizes=\"auto, (max-width: 1024px) 100vw, 1024px\" \/><\/figure>\n<\/div>\n\n\n\n<div class=\"wp-block-column is-layout-flow wp-block-column-is-layout-flow\">\n<h2 class=\"wp-block-heading\">Markets<\/h2>\n\n\n\n<p class=\"has-text-align-left\">Quiticol S.T.; S.A cuenta con laboratorios qu\u00edmicos administrados por profesionales t\u00e9cnicos de amplia experiencia en el campo del desarrollo tecnol\u00f3gico de productos y procesos en todas nuestras l\u00edneas de negocio.<\/p>\n\n\n\n<div class=\"wp-block-buttons is-content-justification-right is-layout-flex wp-container-core-buttons-is-layout-765c4724 wp-block-buttons-is-layout-flex\">\n<div class=\"wp-block-button\"><a class=\"wp-block-button__link\" href=\"https:\/\/quiticol.com\/app\/webroot\/quiticol\/en\/markets\/\">More<\/a><\/div>\n<\/div>\n<\/div>\n<\/div>\n\n\n\n<div class=\"wp-block-columns is-layout-flex wp-container-core-columns-is-layout-9d6595d7 wp-block-columns-is-layout-flex\">\n<div class=\"wp-block-column is-layout-flow wp-block-column-is-layout-flow\">\n<h2 class=\"has-text-align-right wp-block-heading\">Products<\/h2>\n\n\n\n<p class=\"has-text-align-right\">Quiticol S.T.; S.A cuenta con laboratorios qu\u00edmicos administrados por profesionales t\u00e9cnicos de amplia experiencia en el campo del desarrollo tecnol\u00f3gico de productos y procesos en todas nuestras l\u00edneas de negocio.<\/p>\n\n\n\n<div class=\"wp-block-buttons is-content-justification-left is-layout-flex wp-container-core-buttons-is-layout-fdcfc74e wp-block-buttons-is-layout-flex\">\n<div class=\"wp-block-button\"><a class=\"wp-block-button__link\" href=\"https:\/\/quiticol.com\/app\/webroot\/quiticol\/en\/products\/\">More<\/a><\/div>\n<\/div>\n<\/div>\n\n\n\n<div class=\"wp-block-column is-layout-flow wp-block-column-is-layout-flow\">\n<figure class=\"wp-block-image size-full\"><img loading=\"lazy\" decoding=\"async\" width=\"667\" height=\"1000\" src=\"https:\/\/quiticol.com\/app\/webroot\/quiticol\/wp-content\/uploads\/2022\/07\/shutterstock_345634145.jpg\" alt=\"\" class=\"wp-image-435\" srcset=\"https:\/\/quiticol.com\/app\/webroot\/quiticol\/wp-content\/uploads\/2022\/07\/shutterstock_345634145.jpg 667w, https:\/\/quiticol.com\/app\/webroot\/quiticol\/wp-content\/uploads\/2022\/07\/shutterstock_345634145-200x300.jpg 200w\" sizes=\"auto, (max-width: 667px) 100vw, 667px\" \/><\/figure>\n<\/div>\n<\/div>\n\n\n\n<div class=\"wp-block-columns is-layout-flex wp-container-core-columns-is-layout-9d6595d7 wp-block-columns-is-layout-flex\">\n<div class=\"wp-block-column is-layout-flow wp-block-column-is-layout-flow\">\n<figure class=\"wp-block-image size-full\"><img loading=\"lazy\" decoding=\"async\" width=\"667\" height=\"1000\" src=\"https:\/\/quiticol.com\/app\/webroot\/quiticol\/wp-content\/uploads\/2022\/07\/shutterstock_2047228226.jpg\" alt=\"\" class=\"wp-image-433\" srcset=\"https:\/\/quiticol.com\/app\/webroot\/quiticol\/wp-content\/uploads\/2022\/07\/shutterstock_2047228226.jpg 667w, https:\/\/quiticol.com\/app\/webroot\/quiticol\/wp-content\/uploads\/2022\/07\/shutterstock_2047228226-200x300.jpg 200w\" sizes=\"auto, (max-width: 667px) 100vw, 667px\" \/><\/figure>\n<\/div>\n\n\n\n<div class=\"wp-block-column is-layout-flow wp-block-column-is-layout-flow\">\n<h2 class=\"wp-block-heading\">Brands<\/h2>\n\n\n\n<p class=\"has-text-align-left\">Quiticol S.T.; S.A cuenta con laboratorios qu\u00edmicos administrados por profesionales t\u00e9cnicos de amplia experiencia en el campo del desarrollo tecnol\u00f3gico de productos y procesos en todas nuestras l\u00edneas de negocio.<\/p>\n\n\n\n<div class=\"wp-block-buttons is-content-justification-right is-layout-flex wp-container-core-buttons-is-layout-765c4724 wp-block-buttons-is-layout-flex\">\n<div class=\"wp-block-button\"><a class=\"wp-block-button__link\" href=\"https:\/\/quiticol.com\/app\/webroot\/quiticol\/en\/brands\/\">More<\/a><\/div>\n<\/div>\n<\/div>\n<\/div>\n\n\n\n<div class=\"wp-block-columns is-layout-flex wp-container-core-columns-is-layout-9d6595d7 wp-block-columns-is-layout-flex\">\n<div class=\"wp-block-column is-layout-flow wp-block-column-is-layout-flow\">\n<h2 class=\"has-text-align-right wp-block-heading\">About Us<\/h2>\n\n\n\n<p class=\"has-text-align-right\">Quiticol S.T.; S.A cuenta con laboratorios qu\u00edmicos administrados por profesionales t\u00e9cnicos de amplia experiencia en el campo del desarrollo tecnol\u00f3gico de productos y procesos en todas nuestras l\u00edneas de negocio.<\/p>\n\n\n\n<div class=\"wp-block-buttons is-content-justification-left is-layout-flex wp-container-core-buttons-is-layout-fdcfc74e wp-block-buttons-is-layout-flex\">\n<div class=\"wp-block-button\"><a class=\"wp-block-button__link\" href=\"https:\/\/quiticol.com\/app\/webroot\/quiticol\/en\/about-us\/\">More<\/a><\/div>\n<\/div>\n<\/div>\n\n\n\n<div class=\"wp-block-column is-layout-flow wp-block-column-is-layout-flow\">\n<figure class=\"wp-block-image size-large\"><img loading=\"lazy\" decoding=\"async\" width=\"1024\" height=\"768\" src=\"https:\/\/quiticol.com\/app\/webroot\/quiticol\/wp-content\/uploads\/2022\/06\/WhatsApp-Image-2018-10-05-at-7.18.00-PM-1024x768.jpeg\" alt=\"\" class=\"wp-image-35\" srcset=\"https:\/\/quiticol.com\/app\/webroot\/quiticol\/wp-content\/uploads\/2022\/06\/WhatsApp-Image-2018-10-05-at-7.18.00-PM-1024x768.jpeg 1024w, https:\/\/quiticol.com\/app\/webroot\/quiticol\/wp-content\/uploads\/2022\/06\/WhatsApp-Image-2018-10-05-at-7.18.00-PM-300x225.jpeg 300w, https:\/\/quiticol.com\/app\/webroot\/quiticol\/wp-content\/uploads\/2022\/06\/WhatsApp-Image-2018-10-05-at-7.18.00-PM-768x576.jpeg 768w, https:\/\/quiticol.com\/app\/webroot\/quiticol\/wp-content\/uploads\/2022\/06\/WhatsApp-Image-2018-10-05-at-7.18.00-PM.jpeg 1280w\" sizes=\"auto, (max-width: 1024px) 100vw, 1024px\" \/><\/figure>\n<\/div>\n<\/div>\n\n\n\n<div class=\"wp-block-group counter is-content-justification-center is-nowrap is-layout-flex wp-container-core-group-is-layout-e53e1050 wp-block-group-is-layout-flex\">\n<div class=\"wp-block-columns is-layout-flex wp-container-core-columns-is-layout-9d6595d7 wp-block-columns-is-layout-flex\">\n<div class=\"wp-block-column is-layout-flow wp-block-column-is-layout-flow\">\n<h3 class=\"wp-block-heading\">22<\/h3>\n\n\n\n<p>Years of<br>Experience<\/p>\n<\/div>\n\n\n\n<div class=\"wp-block-column is-layout-flow wp-block-column-is-layout-flow\">\n<h3 class=\"wp-block-heading\">+1000<\/h3>\n\n\n\n<p>Satisfied<br>Customers<\/p>\n<\/div>\n\n\n\n<div class=\"wp-block-column is-layout-flow wp-block-column-is-layout-flow\">\n<h3 class=\"wp-block-heading\">25<\/h3>\n\n\n\n<p>Expert<br>Workers<\/p>\n<\/div>\n\n\n\n<div class=\"wp-block-column is-layout-flow wp-block-column-is-layout-flow\">\n<h3 class=\"wp-block-heading\">+10<\/h3>\n\n\n\n<p>Commercial<br>Alliances<\/p>\n<\/div>\n<\/div>\n<\/div>\n\n\n\n<div class=\"wp-block-cover alignfull is-light is-style-twentytwentyone-border\" style=\"min-height:700px;aspect-ratio:unset;\"><span aria-hidden=\"true\" class=\"wp-block-cover__background has-background-dim\"><\/span><img decoding=\"async\" class=\"wp-block-cover__image-background wp-image-53\" alt=\"\" src=\"http:\/\/localhost\/quiticol\/web\/wp-content\/uploads\/2022\/05\/tree.jpg\" data-object-fit=\"cover\"\/><div class=\"wp-block-cover__inner-container is-layout-flow wp-block-cover-is-layout-flow\">\n<h1 class=\"has-text-align-center has-white-color has-text-color has-large-font-size wp-block-heading\">La rentabilidad sustentable y el desarrollo sostenido son requisitos b\u00e1sicos en todas nuestras actividades. Estamos comprometidos con los intereses de nuestros clientes, trabajadores y colaboradores, asumiendo responsabilidades sociales.<\/h1>\n<\/div><\/div>\n","protected":false},"excerpt":{"rendered":"<p>Markets Quiticol S.T.; S.A cuenta con laboratorios qu\u00edmicos administrados por profesionales t\u00e9cnicos de amplia experiencia en el campo del desarrollo tecnol\u00f3gico de productos y procesos en todas nuestras l\u00edneas de negocio. Products Quiticol S.T.; S.A cuenta con laboratorios qu\u00edmicos administrados por profesionales t\u00e9cnicos de amplia experiencia en el campo del desarrollo tecnol\u00f3gico de productos y&hellip; <a class=\"more-link\" href=\"https:\/\/quiticol.com\/app\/webroot\/quiticol\/en\/home\/\">Continuar leyendo <span class=\"screen-reader-text\">Home<\/span><\/a><\/p>\n","protected":false},"author":1,"featured_media":0,"parent":0,"menu_order":0,"comment_status":"closed","ping_status":"closed","template":"page-templates\/page.php","meta":{"footnotes":""},"class_list":["post-86","page","type-page","status-publish","hentry","entry"],"_links":{"self":[{"href":"https:\/\/quiticol.com\/app\/webroot\/quiticol\/wp-json\/wp\/v2\/pages\/86","targetHints":{"allow":["GET"]}}],"collection":[{"href":"https:\/\/quiticol.com\/app\/webroot\/quiticol\/wp-json\/wp\/v2\/pages"}],"about":[{"href":"https:\/\/quiticol.com\/app\/webroot\/quiticol\/wp-json\/wp\/v2\/types\/page"}],"author":[{"embeddable":true,"href":"https:\/\/quiticol.com\/app\/webroot\/quiticol\/wp-json\/wp\/v2\/users\/1"}],"replies":[{"embeddable":true,"href":"https:\/\/quiticol.com\/app\/webroot\/quiticol\/wp-json\/wp\/v2\/comments?post=86"}],"version-history":[{"count":8,"href":"https:\/\/quiticol.com\/app\/webroot\/quiticol\/wp-json\/wp\/v2\/pages\/86\/revisions"}],"predecessor-version":[{"id":436,"href":"https:\/\/quiticol.com\/app\/webroot\/quiticol\/wp-json\/wp\/v2\/pages\/86\/revisions\/436"}],"wp:attachment":[{"href":"https:\/\/quiticol.com\/app\/webroot\/quiticol\/wp-json\/wp\/v2\/media?parent=86"}],"curies":[{"name":"wp","href":"https:\/\/api.w.org\/{rel}","templated":true}]}}