{"id":37,"date":"2022-06-04T01:39:34","date_gmt":"2022-06-04T01:39:34","guid":{"rendered":"http:\/\/quiticol.com\/app\/webroot\/quiticol\/?page_id=37"},"modified":"2025-10-24T01:31:34","modified_gmt":"2025-10-24T01:31:34","slug":"empresas-agenciadas","status":"publish","type":"page","link":"https:\/\/quiticol.com\/app\/webroot\/quiticol\/empresas-agenciadas\/","title":{"rendered":"Empresas Agenciadas"},"content":{"rendered":"\n<div class=\"wp-block-media-text alignwide is-stacked-on-mobile\" style=\"grid-template-columns:27% auto\"><figure class=\"wp-block-media-text__media\"><img loading=\"lazy\" decoding=\"async\" width=\"459\" height=\"406\" src=\"https:\/\/quiticol.com\/app\/webroot\/quiticol\/wp-content\/uploads\/2023\/05\/DatacolorSpectro1000.png\" alt=\"\" class=\"wp-image-879 size-full\" srcset=\"https:\/\/quiticol.com\/app\/webroot\/quiticol\/wp-content\/uploads\/2023\/05\/DatacolorSpectro1000.png 459w, https:\/\/quiticol.com\/app\/webroot\/quiticol\/wp-content\/uploads\/2023\/05\/DatacolorSpectro1000-300x265.png 300w\" sizes=\"auto, (max-width: 459px) 100vw, 459px\" \/><\/figure><div class=\"wp-block-media-text__content\">\n<h2 class=\"wp-block-heading has-text-align-center\">L\u00edder en la gesti\u00f3n del color.<\/h2>\n\n\n\n<p class=\"has-text-align-center\">Desde 1970,&nbsp;<strong>Datacolor<\/strong>&nbsp;se ha consolidado como&nbsp;<strong>l\u00edder mundial en soluciones de medici\u00f3n, formulaci\u00f3n y control del color<\/strong>, ofreciendo a las industrias de&nbsp;<strong>pinturas, pl\u00e1sticos, textiles y recubrimientos<\/strong>&nbsp;herramientas y software que garantizan&nbsp;<strong>resultados precisos, repetibles y eficientes<\/strong>.<\/p>\n\n\n\n<p class=\"has-text-align-center\">Su tecnolog\u00eda combina&nbsp;<strong>ciencia, innovaci\u00f3n y experiencia global<\/strong>, permitiendo&nbsp;<strong>capturar, comunicar y reproducir el color con exactitud absoluta<\/strong>, optimizando los procesos productivos y la calidad visual en cada aplicaci\u00f3n.<\/p>\n\n\n\n<p class=\"has-text-align-center\">M\u00e1s informaci\u00f3n <strong><em><a rel=\"noreferrer noopener\" href=\"https:\/\/www.datacolor.com\/\" target=\"_blank\">aqu\u00ed<\/a><\/em><\/strong><\/p>\n\n\n\n<div class=\"wp-block-buttons is-layout-flex wp-block-buttons-is-layout-flex\"><\/div>\n<\/div><\/div>\n\n\n\n<hr class=\"wp-block-separator has-alpha-channel-opacity\"\/>\n\n\n\n<div class=\"wp-block-media-text alignwide has-media-on-the-right is-stacked-on-mobile\" style=\"grid-template-columns:auto 30%\"><div class=\"wp-block-media-text__content\">\n<p class=\"has-text-align-center\"><strong>CINIC \u2013 Pigmentos de alto rendimiento para un mundo con m\u00e1s color<\/strong><br>Fundada en 2003, CINIC es un proveedor global l\u00edder de pigmentos de alto rendimiento (HPP), reconocido por su innovaci\u00f3n, calidad y consistencia.<br>Es el principal productor mundial de pigmentos DPP (diceto-pirrolo-pirrol) y antraquinona, adem\u00e1s de ser referente en pigmentos de isoindolinona e isoindolina.<br>Respaldada por una base de fabricaci\u00f3n de vanguardia y un estricto sistema de control de calidad, su l\u00ednea&nbsp;<strong>Cinilex\u00ae<\/strong>&nbsp;es sin\u00f3nimo de confiabilidad y excelencia en pinturas, recubrimientos, pl\u00e1sticos e impresiones especiales.<br><strong>CINIC: color de precisi\u00f3n, rendimiento excepcional.<\/strong><\/p>\n\n\n\n<p class=\"has-text-align-center\">M\u00e1s informaci\u00f3n <strong><em><a href=\"https:\/\/www.cinic.com\/en\" target=\"_blank\" rel=\"noreferrer noopener\">aqu\u00ed<\/a><\/em><\/strong><\/p>\n<\/div><figure class=\"wp-block-media-text__media\"><img loading=\"lazy\" decoding=\"async\" width=\"1024\" height=\"332\" src=\"https:\/\/quiticol.com\/app\/webroot\/quiticol\/wp-content\/uploads\/2025\/10\/logo_04-1024x723-2-e1714071265705.jpg\" alt=\"\" class=\"wp-image-984 size-full\" srcset=\"https:\/\/quiticol.com\/app\/webroot\/quiticol\/wp-content\/uploads\/2025\/10\/logo_04-1024x723-2-e1714071265705.jpg 1024w, https:\/\/quiticol.com\/app\/webroot\/quiticol\/wp-content\/uploads\/2025\/10\/logo_04-1024x723-2-e1714071265705-300x97.jpg 300w, https:\/\/quiticol.com\/app\/webroot\/quiticol\/wp-content\/uploads\/2025\/10\/logo_04-1024x723-2-e1714071265705-768x249.jpg 768w\" sizes=\"auto, (max-width: 1024px) 100vw, 1024px\" \/><\/figure><\/div>\n\n\n\n<hr class=\"wp-block-separator has-alpha-channel-opacity\"\/>\n\n\n\n<div class=\"wp-block-media-text alignwide is-stacked-on-mobile\" style=\"grid-template-columns:37% auto\"><figure class=\"wp-block-media-text__media\"><img loading=\"lazy\" decoding=\"async\" width=\"500\" height=\"92\" src=\"https:\/\/quiticol.com\/app\/webroot\/quiticol\/wp-content\/uploads\/2022\/07\/logo_emsland-group-3.png\" alt=\"\" class=\"wp-image-513 size-full\" srcset=\"https:\/\/quiticol.com\/app\/webroot\/quiticol\/wp-content\/uploads\/2022\/07\/logo_emsland-group-3.png 500w, https:\/\/quiticol.com\/app\/webroot\/quiticol\/wp-content\/uploads\/2022\/07\/logo_emsland-group-3-300x55.png 300w\" sizes=\"auto, (max-width: 500px) 100vw, 500px\" \/><\/figure><div class=\"wp-block-media-text__content\">\n<p class=\"has-text-align-center\"><strong>Emsland Group<\/strong>&nbsp;es un fabricante alem\u00e1n l\u00edder en el desarrollo de&nbsp;<strong>almidones y derivados funcionales de origen vegetal<\/strong>, dise\u00f1ados para optimizar el desempe\u00f1o en procesos industriales de&nbsp;<strong>fabricaci\u00f3n de papel, cart\u00f3n y adhesivos<\/strong>.<\/p>\n\n\n\n<p class=\"has-text-align-center\">Sus productos, elaborados a partir de&nbsp;<strong>papa y guisante<\/strong>, ofrecen&nbsp;<strong>excelente estabilidad, viscosidad controlada y adhesi\u00f3n superior<\/strong>, contribuyendo a mejorar la&nbsp;<strong>resistencia, retenci\u00f3n y calidad superficial<\/strong>&nbsp;del papel, as\u00ed como la&nbsp;<strong>eficiencia y consistencia<\/strong>&nbsp;en formulaciones adhesivas.<\/p>\n\n\n\n<p class=\"has-text-align-center\">M\u00e1s informaci\u00f3n <strong><em><a href=\"https:\/\/www.emsland-group.de\/\" data-type=\"URL\" data-id=\"https:\/\/www.emsland-group.de\/\">aqu\u00ed<\/a><\/em><\/strong><\/p>\n<\/div><\/div>\n\n\n\n<p class=\"has-text-align-center\"><\/p>\n\n\n\n<hr class=\"wp-block-separator has-alpha-channel-opacity\"\/>\n\n\n\n<div class=\"wp-block-media-text alignwide has-media-on-the-right is-stacked-on-mobile\" style=\"grid-template-columns:auto 22%\"><div class=\"wp-block-media-text__content\">\n<p class=\"has-text-align-center\">Con m\u00e1s de&nbsp;<strong>150 a\u00f1os de experiencia<\/strong>,&nbsp;<strong>Villforth Siebtechnik GmbH<\/strong>&nbsp;es un&nbsp;<strong>fabricante l\u00edder de tejidos de formaci\u00f3n personalizados<\/strong>, dise\u00f1ados para optimizar el desempe\u00f1o de las m\u00e1quinas papeleras.<\/p>\n\n\n\n<p class=\"has-text-align-center\">Fundada por&nbsp;<strong>Peter Villforth Sr.<\/strong>&nbsp;en Alemania, la compa\u00f1\u00eda combina una profunda&nbsp;<strong>tradici\u00f3n industrial<\/strong>&nbsp;con la m\u00e1s avanzada&nbsp;<strong>tecnolog\u00eda de ingenier\u00eda textil<\/strong>, manteniendo su producci\u00f3n&nbsp;<strong>100% Made in Germany<\/strong>&nbsp;desde su planta en&nbsp;<strong>Reutlingen<\/strong>.<\/p>\n\n\n\n<p class=\"has-text-align-center\">Los tejidos de formaci\u00f3n&nbsp;<strong>Villforth<\/strong>&nbsp;se caracterizan por su&nbsp;<strong>durabilidad, estabilidad y uniformidad<\/strong>, garantizando una formaci\u00f3n de hoja superior, alta eficiencia operativa y una vida \u00fatil prolongada.<\/p>\n\n\n\n<p class=\"has-text-align-center\">M\u00e1s informaci\u00f3n <strong><em><a href=\"https:\/\/www.villforth.com\/de\/\">aqu\u00ed<\/a><\/em><\/strong><\/p>\n<\/div><figure class=\"wp-block-media-text__media\"><img loading=\"lazy\" decoding=\"async\" width=\"225\" height=\"225\" src=\"https:\/\/quiticol.com\/app\/webroot\/quiticol\/wp-content\/uploads\/2022\/07\/Unknown.jpeg\" alt=\"\" class=\"wp-image-514 size-full\" srcset=\"https:\/\/quiticol.com\/app\/webroot\/quiticol\/wp-content\/uploads\/2022\/07\/Unknown.jpeg 225w, https:\/\/quiticol.com\/app\/webroot\/quiticol\/wp-content\/uploads\/2022\/07\/Unknown-150x150.jpeg 150w\" sizes=\"auto, (max-width: 225px) 100vw, 225px\" \/><\/figure><\/div>\n\n\n\n<hr class=\"wp-block-separator has-alpha-channel-opacity\"\/>\n\n\n\n<div class=\"wp-block-media-text alignwide is-stacked-on-mobile\" style=\"grid-template-columns:37% auto\"><figure class=\"wp-block-media-text__media\"><img loading=\"lazy\" decoding=\"async\" width=\"540\" height=\"162\" src=\"https:\/\/quiticol.com\/app\/webroot\/quiticol\/wp-content\/uploads\/2023\/05\/logo.png\" alt=\"\" class=\"wp-image-887 size-full\" srcset=\"https:\/\/quiticol.com\/app\/webroot\/quiticol\/wp-content\/uploads\/2023\/05\/logo.png 540w, https:\/\/quiticol.com\/app\/webroot\/quiticol\/wp-content\/uploads\/2023\/05\/logo-300x90.png 300w\" sizes=\"auto, (max-width: 540px) 100vw, 540px\" \/><\/figure><div class=\"wp-block-media-text__content\">\n<p class=\"has-text-align-center\"><strong>Rodewisch<\/strong>&nbsp;es una empresa alemana especializada en la fabricaci\u00f3n de&nbsp;<strong>fieltros y lonas t\u00e9cnicas para la industria papelera<\/strong>, reconocida a nivel mundial por su&nbsp;<strong>calidad, durabilidad y precisi\u00f3n en el dise\u00f1o<\/strong>.<\/p>\n\n\n\n<p class=\"has-text-align-center\">Cada fieltro se desarrolla de forma&nbsp;<strong>personalizada y sin fin<\/strong>, combinando una amplia variedad de tejidos y revestimientos para adaptarse exactamente a las condiciones operativas de cada m\u00e1quina y tipo de papel.<\/p>\n\n\n\n<p class=\"has-text-align-center\">Gracias a su&nbsp;<strong>ingenier\u00eda avanzada y control de producci\u00f3n de \u00faltima generaci\u00f3n<\/strong>, Rodewisch garantiza un rendimiento superior en&nbsp;<strong>formado, prensado y secado<\/strong>, optimizando la eficiencia del proceso y la calidad del producto final.<\/p>\n\n\n\n<p class=\"has-text-align-center\">M\u00e1s informaci\u00f3n <strong><em><a href=\"https:\/\/www.filztuch.de\/en\">aqu\u00ed<\/a><\/em><\/strong><\/p>\n<\/div><\/div>\n\n\n\n<hr class=\"wp-block-separator has-alpha-channel-opacity\"\/>\n\n\n\n<div class=\"wp-block-media-text alignwide has-media-on-the-right is-stacked-on-mobile\" style=\"grid-template-columns:auto 24%\"><div class=\"wp-block-media-text__content\">\n<p class=\"has-text-align-center\"><strong>Fluid Management \u2013 Innovaci\u00f3n en dispensado y mezcla de color<\/strong><br>Con m\u00e1s de 80 a\u00f1os de experiencia, Fluid Management es l\u00edder global en equipos tintom\u00e9tricos para la industria de pinturas y recubrimientos.<br>Sus dispensadores, agitadores y mezcladores combinan precisi\u00f3n, durabilidad e ingenier\u00eda de vanguardia para optimizar cada punto de venta.<br><strong>Fluid Management: eficiencia, exactitud y color en movimiento.<\/strong><\/p>\n\n\n\n<p class=\"has-text-align-center\"><code>M\u00e1s informaci\u00f3n <strong><em><a href=\"https:\/\/fluidman.com\">aqu\u00ed<\/a><\/em><\/strong><\/code><\/p>\n<\/div><figure class=\"wp-block-media-text__media\"><img loading=\"lazy\" decoding=\"async\" width=\"298\" height=\"200\" src=\"https:\/\/quiticol.com\/app\/webroot\/quiticol\/wp-content\/uploads\/2025\/10\/logo-fluid-management-1.png\" alt=\"\" class=\"wp-image-940 size-full\"\/><\/figure><\/div>\n\n\n\n<hr class=\"wp-block-separator has-alpha-channel-opacity\"\/>\n\n\n\n<div class=\"wp-block-media-text alignwide is-stacked-on-mobile\" style=\"grid-template-columns:37% auto\"><figure class=\"wp-block-media-text__media\"><img loading=\"lazy\" decoding=\"async\" width=\"512\" height=\"142\" src=\"https:\/\/quiticol.com\/app\/webroot\/quiticol\/wp-content\/uploads\/2025\/10\/unnamed.png\" alt=\"\" class=\"wp-image-956 size-full\" srcset=\"https:\/\/quiticol.com\/app\/webroot\/quiticol\/wp-content\/uploads\/2025\/10\/unnamed.png 512w, https:\/\/quiticol.com\/app\/webroot\/quiticol\/wp-content\/uploads\/2025\/10\/unnamed-300x83.png 300w\" sizes=\"auto, (max-width: 512px) 100vw, 512px\" \/><\/figure><div class=\"wp-block-media-text__content\">\n<p class=\"has-text-align-center\"><strong>DayGlo Color Corp.<\/strong>&nbsp;es el principal fabricante mundial de&nbsp;<strong>pigmentos fluorescentes y de alto desempe\u00f1o<\/strong>, reconocida por su innovaci\u00f3n en color y su calidad superior.<br>Sus productos ofrecen&nbsp;<strong>brillo, intensidad y durabilidad incomparables<\/strong>, siendo ampliamente utilizados en las industrias de&nbsp;<strong>pl\u00e1sticos, pinturas, tintas, recubrimientos y textiles<\/strong>.<\/p>\n\n\n\n<p class=\"has-text-align-center\">M\u00e1s informaci\u00f3n <strong><em><a href=\"https:\/\/www.dayglo.com\">aqu\u00ed<\/a><\/em><\/strong><\/p>\n<\/div><\/div>\n\n\n\n<hr class=\"wp-block-separator has-alpha-channel-opacity\"\/>\n\n\n\n<div class=\"wp-block-media-text alignwide has-media-on-the-right is-stacked-on-mobile\" style=\"grid-template-columns:auto 24%\"><div class=\"wp-block-media-text__content\">\n<p class=\"has-text-align-center\">Los&nbsp;<strong>colorantes tintom\u00e9tricos de AkzoNobel \u2013 Inca<\/strong>&nbsp;representan la m\u00e1s alta calidad en&nbsp;<strong>tecnolog\u00eda de color para sistemas tintom\u00e9tricos<\/strong>, garantizando&nbsp;<strong>precisi\u00f3n, estabilidad y compatibilidad<\/strong>&nbsp;en una amplia gama de bases y recubrimientos.<\/p>\n\n\n\n<p class=\"has-text-align-center\">Formulados con pigmentos de alto desempe\u00f1o y veh\u00edculos cuidadosamente seleccionados, estos colorantes ofrecen&nbsp;<strong>excelente poder tint\u00f3reo, resistencia a la luz y uniformidad crom\u00e1tica<\/strong>, asegurando resultados consistentes en cada punto de venta y lote de producci\u00f3n.<\/p>\n\n\n\n<p class=\"has-text-align-center\"><\/p>\n\n\n\n<hr class=\"wp-block-separator has-alpha-channel-opacity\"\/>\n<\/div><figure class=\"wp-block-media-text__media\"><img loading=\"lazy\" decoding=\"async\" width=\"800\" height=\"800\" src=\"https:\/\/quiticol.com\/app\/webroot\/quiticol\/wp-content\/uploads\/2025\/10\/w800h800fitpad.jpeg\" alt=\"\" class=\"wp-image-967 size-full\" srcset=\"https:\/\/quiticol.com\/app\/webroot\/quiticol\/wp-content\/uploads\/2025\/10\/w800h800fitpad.jpeg 800w, https:\/\/quiticol.com\/app\/webroot\/quiticol\/wp-content\/uploads\/2025\/10\/w800h800fitpad-300x300.jpeg 300w, https:\/\/quiticol.com\/app\/webroot\/quiticol\/wp-content\/uploads\/2025\/10\/w800h800fitpad-150x150.jpeg 150w, https:\/\/quiticol.com\/app\/webroot\/quiticol\/wp-content\/uploads\/2025\/10\/w800h800fitpad-768x768.jpeg 768w\" sizes=\"auto, (max-width: 800px) 100vw, 800px\" \/><\/figure><\/div>\n\n\n\n<div class=\"wp-block-media-text alignwide is-stacked-on-mobile\" style=\"grid-template-columns:37% auto\"><figure class=\"wp-block-media-text__media\"><img loading=\"lazy\" decoding=\"async\" width=\"1024\" height=\"504\" src=\"https:\/\/quiticol.com\/app\/webroot\/quiticol\/wp-content\/uploads\/2025\/10\/company_63c0437a27b1b83274721622-1024x504.jpg\" alt=\"\" class=\"wp-image-983 size-full\" srcset=\"https:\/\/quiticol.com\/app\/webroot\/quiticol\/wp-content\/uploads\/2025\/10\/company_63c0437a27b1b83274721622-1024x504.jpg 1024w, https:\/\/quiticol.com\/app\/webroot\/quiticol\/wp-content\/uploads\/2025\/10\/company_63c0437a27b1b83274721622-300x148.jpg 300w, https:\/\/quiticol.com\/app\/webroot\/quiticol\/wp-content\/uploads\/2025\/10\/company_63c0437a27b1b83274721622-768x378.jpg 768w, https:\/\/quiticol.com\/app\/webroot\/quiticol\/wp-content\/uploads\/2025\/10\/company_63c0437a27b1b83274721622-1536x756.jpg 1536w, https:\/\/quiticol.com\/app\/webroot\/quiticol\/wp-content\/uploads\/2025\/10\/company_63c0437a27b1b83274721622-2048x1008.jpg 2048w, https:\/\/quiticol.com\/app\/webroot\/quiticol\/wp-content\/uploads\/2025\/10\/company_63c0437a27b1b83274721622-1568x772.jpg 1568w\" sizes=\"auto, (max-width: 1024px) 100vw, 1024px\" \/><\/figure><div class=\"wp-block-media-text__content\">\n<p class=\"has-text-align-center\"><strong>Tech Trade Per\u00fa<\/strong>&nbsp;ofrece una completa l\u00ednea de&nbsp;<strong>discos de refinaci\u00f3n<\/strong>&nbsp;dise\u00f1ados para optimizar el proceso de&nbsp;<strong>preparaci\u00f3n de pulpa en la industria papelera<\/strong>, garantizando&nbsp;<strong>mayor eficiencia energ\u00e9tica, consistencia de fibra y calidad de hoja<\/strong>.<\/p>\n\n\n\n<p class=\"has-text-align-center\">Fabricados con materiales de&nbsp;<strong>alta resistencia y precisi\u00f3n de ingenier\u00eda<\/strong>, los discos de Tech Trade aseguran un&nbsp;<strong>rendimiento estable, menor desgaste y mayor vida \u00fatil<\/strong>, adapt\u00e1ndose a los principales modelos de refinadores del mercado.<\/p>\n\n\n\n<p class=\"has-text-align-center\">M\u00e1s informaci\u00f3n <strong><em><a href=\"https:\/\/www.techtrade.com.pe\">aqu\u00ed<\/a><\/em><\/strong><\/p>\n<\/div><\/div>\n\n\n\n<p><\/p>\n","protected":false},"excerpt":{"rendered":"<p>CINIC \u2013 Pigmentos de alto rendimiento para un mundo con m\u00e1s colorFundada en 2003, CINIC es un proveedor global l\u00edder de pigmentos de alto rendimiento (HPP), reconocido por su innovaci\u00f3n, calidad y consistencia.Es el principal productor mundial de pigmentos DPP (diceto-pirrolo-pirrol) y antraquinona, adem\u00e1s de ser referente en pigmentos de isoindolinona e isoindolina.Respaldada por una&hellip; <a class=\"more-link\" href=\"https:\/\/quiticol.com\/app\/webroot\/quiticol\/empresas-agenciadas\/\">Continuar leyendo <span class=\"screen-reader-text\">Empresas Agenciadas<\/span><\/a><\/p>\n","protected":false},"author":1,"featured_media":0,"parent":0,"menu_order":0,"comment_status":"closed","ping_status":"closed","template":"","meta":{"footnotes":""},"class_list":["post-37","page","type-page","status-publish","hentry","entry"],"_links":{"self":[{"href":"https:\/\/quiticol.com\/app\/webroot\/quiticol\/wp-json\/wp\/v2\/pages\/37","targetHints":{"allow":["GET"]}}],"collection":[{"href":"https:\/\/quiticol.com\/app\/webroot\/quiticol\/wp-json\/wp\/v2\/pages"}],"about":[{"href":"https:\/\/quiticol.com\/app\/webroot\/quiticol\/wp-json\/wp\/v2\/types\/page"}],"author":[{"embeddable":true,"href":"https:\/\/quiticol.com\/app\/webroot\/quiticol\/wp-json\/wp\/v2\/users\/1"}],"replies":[{"embeddable":true,"href":"https:\/\/quiticol.com\/app\/webroot\/quiticol\/wp-json\/wp\/v2\/comments?post=37"}],"version-history":[{"count":84,"href":"https:\/\/quiticol.com\/app\/webroot\/quiticol\/wp-json\/wp\/v2\/pages\/37\/revisions"}],"predecessor-version":[{"id":1002,"href":"https:\/\/quiticol.com\/app\/webroot\/quiticol\/wp-json\/wp\/v2\/pages\/37\/revisions\/1002"}],"wp:attachment":[{"href":"https:\/\/quiticol.com\/app\/webroot\/quiticol\/wp-json\/wp\/v2\/media?parent=37"}],"curies":[{"name":"wp","href":"https:\/\/api.w.org\/{rel}","templated":true}]}}