{"id":3,"date":"2022-06-03T02:27:57","date_gmt":"2022-06-03T02:27:57","guid":{"rendered":"http:\/\/quiticol.com\/app\/webroot\/quiticol\/?page_id=3"},"modified":"2022-09-15T03:25:52","modified_gmt":"2022-09-15T03:25:52","slug":"politica-privacidad","status":"publish","type":"page","link":"https:\/\/quiticol.com\/app\/webroot\/quiticol\/politica-privacidad\/","title":{"rendered":"Pol\u00edtica de privacidad"},"content":{"rendered":"\n<p>Esta Pol\u00edtica de privacidad describe c\u00f3mo se recopila, utiliza y comparte su informaci\u00f3n personal cuando visita o hace una compra en&nbsp;<a href=\"http:\/\/www.quiticol.com\/\" target=\"_blank\" rel=\"noreferrer noopener\">www.quiticol.com<\/a>&nbsp;(denominado en lo sucesivo el \u201cSitio\u201d).<\/p>\n\n\n\n<p><strong>INFORMACI\u00d3N PERSONAL QUE RECOPILAMOS<\/strong><\/p>\n\n\n\n<p>Cuando visita el Sitio, recopilamos autom\u00e1ticamente cierta informaci\u00f3n sobre su dispositivo, incluida informaci\u00f3n sobre su navegador web, direcci\u00f3n IP, zona horaria y algunas de las cookies que est\u00e1n instaladas en su dispositivo. Adem\u00e1s, a medida que navega por el Sitio, recopilamos informaci\u00f3n sobre las p\u00e1ginas web individuales o los productos que ve, las p\u00e1ginas web o los t\u00e9rminos de b\u00fasqueda que lo remitieron al Sitio e informaci\u00f3n sobre c\u00f3mo interact\u00faa usted con el Sitio. Nos referimos a esta informaci\u00f3n recopilada autom\u00e1ticamente como \u201cInformaci\u00f3n del dispositivo\u201d.<\/p>\n\n\n\n<p>Recopilamos Informaci\u00f3n del dispositivo mediante el uso de las siguientes tecnolog\u00edas:<\/p>\n\n\n\n<p><strong>COOKIES<\/strong><\/p>\n\n\n\n<p>Aqu\u00ed tienes una lista de cookies que utilizamos. Las enlistamos para que puedas elegir si quieres optar por quitarlas o no.<\/p>\n\n\n\n<ul class=\"wp-block-list\"><li>X-Mapping-afplpjmp<\/li><li>pll_language<\/li><\/ul>\n\n\n\n<p>&#8211; Las \u201cbalizas web\u201d, las \u201cetiquetas\u201d y los \u201cp\u00edxeles\u201d son archivos electr\u00f3nicos utilizados para registrar informaci\u00f3n sobre c\u00f3mo navega usted por el Sitio.<\/p>\n\n\n\n<p>Adem\u00e1s, cuando hace una compra o intenta hacer una compra a trav\u00e9s del Sitio, recopilamos cierta informaci\u00f3n de usted, entre la que se incluye su nombre, direcci\u00f3n de facturaci\u00f3n, direcci\u00f3n de env\u00edo, informaci\u00f3n de pago (incluidos los n\u00fameros de la tarjeta de cr\u00e9dito), direcci\u00f3n de correo electr\u00f3nico y n\u00famero de tel\u00e9fono.\u00a0 Nos referimos a esta informaci\u00f3n como \u201cInformaci\u00f3n del pedido\u201d.<\/p>\n\n\n\n<p>Cuando hablamos de \u201cInformaci\u00f3n personal\u201d en la presente Pol\u00edtica de privacidad, nos referimos tanto a la Informaci\u00f3n del dispositivo como a la Informaci\u00f3n del pedido.<\/p>\n\n\n\n<p><strong>\u00bfC\u00d3MO UTILIZAMOS SU INFORMACI\u00d3N PERSONAL?<\/strong><\/p>\n\n\n\n<p>Usamos la Informaci\u00f3n del pedido que recopilamos en general para preparar los pedidos realizados a trav\u00e9s del Sitio (incluido el procesamiento de su informaci\u00f3n de pago, la organizaci\u00f3n de los env\u00edos y la entrega de facturas y\/o confirmaciones de pedido).\u00a0 Adem\u00e1s, utilizamos esta Informaci\u00f3n del pedido para: comunicarnos con usted; examinar nuestros pedidos en busca de fraudes o riesgos potenciales; y cuando de acuerdo con las preferencias que usted comparti\u00f3 con nosotros, le proporcionamos informaci\u00f3n o publicidad relacionada con nuestros productos o servicios.<\/p>\n\n\n\n<p>Utilizamos la Informaci\u00f3n del dispositivo que recopilamos para ayudarnos a detectar posibles riesgos y fraudes (en particular, su direcci\u00f3n IP) y, en general, para mejorar y optimizar nuestro Sitio (por ejemplo, al generar informes y estad\u00edsticas sobre c\u00f3mo nuestros clientes navegan e interact\u00faan con el Sitio y para evaluar el \u00e9xito de nuestras campa\u00f1as publicitarias y de marketing).<\/p>\n\n\n\n<p>Finalmente, tambi\u00e9n podemos compartir su Informaci\u00f3n personal para cumplir con las leyes y regulaciones aplicables, para responder a una citaci\u00f3n, orden de registro u otra solicitud legal de informaci\u00f3n que recibamos, o para proteger nuestros derechos.<\/p>\n\n\n\n<p><strong>PUBLICIDAD ORIENTADA POR EL COMPORTAMIENTO<\/strong><\/p>\n\n\n\n<p>Como se describi\u00f3 anteriormente, utilizamos su Informaci\u00f3n personal para proporcionarle anuncios publicitarios dirigidos o comunicaciones de marketing que creemos que pueden ser de su inter\u00e9s.&nbsp; Para m\u00e1s informaci\u00f3n sobre c\u00f3mo funciona la publicidad dirigida, puede visitar la p\u00e1gina educativa de la Iniciativa Publicitaria en la Red (&#8220;NAI&#8221; por sus siglas en ingl\u00e9s) en&nbsp;<a href=\"http:\/\/www.networkadvertising.org\/understanding-online-advertising\/how-does-it-work\" target=\"_blank\" rel=\"noreferrer noopener\">http:\/\/www.networkadvertising.org\/understanding-online-advertising\/how-does-it-work<\/a>.<\/p>\n\n\n\n<p><strong>NO RASTREAR<\/strong><\/p>\n\n\n\n<p>Tenga en cuenta que no alteramos las pr\u00e1cticas de recopilaci\u00f3n y uso de datos de nuestro Sitio cuando vemos una se\u00f1al de No rastrear desde su navegador.<\/p>\n\n\n\n<p><strong>RETENCI\u00d3N DE DATOS<\/strong><\/p>\n\n\n\n<p>Cuando realiza un pedido a trav\u00e9s del Sitio, mantendremos su Informaci\u00f3n del pedido para nuestros registros a menos que y hasta que nos pida que eliminemos esta informaci\u00f3n.<\/p>\n\n\n\n<p><strong>CAMBIOS<\/strong><\/p>\n\n\n\n<p>Podemos actualizar esta pol\u00edtica de privacidad peri\u00f3dicamente para reflejar, por ejemplo, cambios en nuestras pr\u00e1cticas o por otros motivos operativos, legales o reglamentarios.<\/p>\n\n\n\n<p><strong>CONT\u00c1CTENOS<\/strong><\/p>\n\n\n\n<p>Para obtener m\u00e1s informaci\u00f3n sobre nuestras pr\u00e1cticas de privacidad, si tiene alguna pregunta o si desea presentar una queja, cont\u00e1ctenos por correo electr\u00f3nico a&nbsp;<a href=\"mailto:comercial@quiticol.com\" target=\"_blank\" rel=\"noreferrer noopener\">comercial@quiticol.com<\/a>&nbsp;o por correo mediante el uso de la informaci\u00f3n que se proporciona a continuaci\u00f3n:<\/p>\n\n\n\n<p>QUITICOL, ZONA INDUSTRIAL CIUDAD COLON CALLE LAS CARRERAS 50 &gt; METROS SUR DE MANI PRO, San Jose, Ciudad Colon, San Jose, 10701, Costa Rica<\/p>\n","protected":false},"excerpt":{"rendered":"<p>Esta Pol\u00edtica de privacidad describe c\u00f3mo se recopila, utiliza y comparte su informaci\u00f3n personal cuando visita o hace una compra en&nbsp;www.quiticol.com&nbsp;(denominado en lo sucesivo el \u201cSitio\u201d). INFORMACI\u00d3N PERSONAL QUE RECOPILAMOS Cuando visita el Sitio, recopilamos autom\u00e1ticamente cierta informaci\u00f3n sobre su dispositivo, incluida informaci\u00f3n sobre su navegador web, direcci\u00f3n IP, zona horaria y algunas de las&hellip; <a class=\"more-link\" href=\"https:\/\/quiticol.com\/app\/webroot\/quiticol\/politica-privacidad\/\">Continuar leyendo <span class=\"screen-reader-text\">Pol\u00edtica de privacidad<\/span><\/a><\/p>\n","protected":false},"author":1,"featured_media":0,"parent":0,"menu_order":0,"comment_status":"closed","ping_status":"open","template":"","meta":{"footnotes":""},"class_list":["post-3","page","type-page","status-publish","hentry","entry"],"_links":{"self":[{"href":"https:\/\/quiticol.com\/app\/webroot\/quiticol\/wp-json\/wp\/v2\/pages\/3","targetHints":{"allow":["GET"]}}],"collection":[{"href":"https:\/\/quiticol.com\/app\/webroot\/quiticol\/wp-json\/wp\/v2\/pages"}],"about":[{"href":"https:\/\/quiticol.com\/app\/webroot\/quiticol\/wp-json\/wp\/v2\/types\/page"}],"author":[{"embeddable":true,"href":"https:\/\/quiticol.com\/app\/webroot\/quiticol\/wp-json\/wp\/v2\/users\/1"}],"replies":[{"embeddable":true,"href":"https:\/\/quiticol.com\/app\/webroot\/quiticol\/wp-json\/wp\/v2\/comments?post=3"}],"version-history":[{"count":3,"href":"https:\/\/quiticol.com\/app\/webroot\/quiticol\/wp-json\/wp\/v2\/pages\/3\/revisions"}],"predecessor-version":[{"id":773,"href":"https:\/\/quiticol.com\/app\/webroot\/quiticol\/wp-json\/wp\/v2\/pages\/3\/revisions\/773"}],"wp:attachment":[{"href":"https:\/\/quiticol.com\/app\/webroot\/quiticol\/wp-json\/wp\/v2\/media?parent=3"}],"curies":[{"name":"wp","href":"https:\/\/api.w.org\/{rel}","templated":true}]}}