{"id":94,"date":"2022-06-27T04:02:48","date_gmt":"2022-06-27T04:02:48","guid":{"rendered":"http:\/\/quiticol.com\/app\/webroot\/quimico_newsite\/?page_id=94"},"modified":"2022-09-09T16:09:26","modified_gmt":"2022-09-09T16:09:26","slug":"hogar-industrial-e-institucional","status":"publish","type":"page","link":"https:\/\/quiticol.com\/app\/webroot\/quimico\/mercados\/hogar-industrial-e-institucional\/","title":{"rendered":"Hogar, Industrial e Institucional"},"content":{"rendered":"\n<div class=\"wp-block-media-text alignwide is-stacked-on-mobile\"><figure class=\"wp-block-media-text__media\"><img loading=\"lazy\" decoding=\"async\" width=\"1000\" height=\"410\" src=\"https:\/\/quiticol.com\/app\/webroot\/quimico_newsite\/wp-content\/uploads\/2022\/07\/shutterstock_1432036151.jpg\" alt=\"\" class=\"wp-image-278 size-full\" srcset=\"https:\/\/quiticol.com\/app\/webroot\/quimico\/wp-content\/uploads\/2022\/07\/shutterstock_1432036151.jpg 1000w, https:\/\/quiticol.com\/app\/webroot\/quimico\/wp-content\/uploads\/2022\/07\/shutterstock_1432036151-300x123.jpg 300w, https:\/\/quiticol.com\/app\/webroot\/quimico\/wp-content\/uploads\/2022\/07\/shutterstock_1432036151-768x315.jpg 768w, https:\/\/quiticol.com\/app\/webroot\/quimico\/wp-content\/uploads\/2022\/07\/shutterstock_1432036151-416x171.jpg 416w\" sizes=\"auto, (max-width: 1000px) 100vw, 1000px\" \/><\/figure><div class=\"wp-block-media-text__content\">\n<p class=\"has-text-align-center\">Desde desengrasantes dom\u00e9sticos hasta las soluciones de limpieza industrial e institucional m\u00e1s resistentes, seguimos descubriendo formas innovadoras de proporcionar a nuestros socios productos ecol\u00f3gicos, naturales y rentables.<\/p>\n\n\n\n<p class=\"has-text-align-center\">Los formuladores de limpieza dom\u00e9stica e institucional pueden realizar su magia con nuestra amplia gama de ingredientes esenciales y tecnolog\u00edas que incluyen agentes quelantes, biocidas, tensioactivos cati\u00f3nicos y aminas grasas, tensioactivos no i\u00f3nicos y ani\u00f3nicos, pol\u00edmeros h\u00edbridos, pol\u00edmeros sint\u00e9ticos, \u00e9teres de celulosa, s\u00edlice coloidal, como as\u00ed como per\u00f3xido de hidr\u00f3geno.<\/p>\n<\/div><\/div>\n","protected":false},"excerpt":{"rendered":"<p>Desde desengrasantes dom\u00e9sticos hasta las soluciones de limpieza industrial e institucional m\u00e1s resistentes, seguimos descubriendo formas innovadoras de proporcionar a nuestros socios productos ecol\u00f3gicos, naturales y rentables. Los formuladores de limpieza dom\u00e9stica e institucional pueden realizar su magia con nuestra amplia gama de ingredientes esenciales y tecnolog\u00edas que incluyen agentes quelantes, biocidas, tensioactivos cati\u00f3nicos y [&hellip;]<\/p>\n","protected":false},"author":1,"featured_media":0,"parent":29,"menu_order":0,"comment_status":"closed","ping_status":"closed","template":"template-fullwidth.php","meta":{"footnotes":""},"class_list":["post-94","page","type-page","status-publish","hentry"],"_links":{"self":[{"href":"https:\/\/quiticol.com\/app\/webroot\/quimico\/wp-json\/wp\/v2\/pages\/94","targetHints":{"allow":["GET"]}}],"collection":[{"href":"https:\/\/quiticol.com\/app\/webroot\/quimico\/wp-json\/wp\/v2\/pages"}],"about":[{"href":"https:\/\/quiticol.com\/app\/webroot\/quimico\/wp-json\/wp\/v2\/types\/page"}],"author":[{"embeddable":true,"href":"https:\/\/quiticol.com\/app\/webroot\/quimico\/wp-json\/wp\/v2\/users\/1"}],"replies":[{"embeddable":true,"href":"https:\/\/quiticol.com\/app\/webroot\/quimico\/wp-json\/wp\/v2\/comments?post=94"}],"version-history":[{"count":3,"href":"https:\/\/quiticol.com\/app\/webroot\/quimico\/wp-json\/wp\/v2\/pages\/94\/revisions"}],"predecessor-version":[{"id":280,"href":"https:\/\/quiticol.com\/app\/webroot\/quimico\/wp-json\/wp\/v2\/pages\/94\/revisions\/280"}],"up":[{"embeddable":true,"href":"https:\/\/quiticol.com\/app\/webroot\/quimico\/wp-json\/wp\/v2\/pages\/29"}],"wp:attachment":[{"href":"https:\/\/quiticol.com\/app\/webroot\/quimico\/wp-json\/wp\/v2\/media?parent=94"}],"curies":[{"name":"wp","href":"https:\/\/api.w.org\/{rel}","templated":true}]}}