{"id":29,"date":"2022-06-23T03:03:43","date_gmt":"2022-06-23T03:03:43","guid":{"rendered":"http:\/\/quiticol.com\/app\/webroot\/quimico_newsite\/?page_id=29"},"modified":"2022-09-09T22:32:08","modified_gmt":"2022-09-09T22:32:08","slug":"mercados","status":"publish","type":"page","link":"https:\/\/quiticol.com\/app\/webroot\/quimico\/mercados\/","title":{"rendered":"Mercados"},"content":{"rendered":"\n<div class=\"wp-block-columns alignwide is-layout-flex wp-container-core-columns-is-layout-9d6595d7 wp-block-columns-is-layout-flex\">\n<div class=\"wp-block-column is-layout-flow wp-block-column-is-layout-flow\">\n<figure class=\"wp-block-gallery alignfull has-nested-images columns-default is-cropped wp-block-gallery-1 is-layout-flex wp-block-gallery-is-layout-flex\">\n<figure class=\"wp-block-image size-full is-style-default\"><img loading=\"lazy\" decoding=\"async\" width=\"960\" height=\"520\" data-id=\"198\" src=\"https:\/\/quiticol.com\/app\/webroot\/quimico_newsite\/wp-content\/uploads\/2022\/07\/post-enero3.png\" alt=\"\" class=\"wp-image-198\" srcset=\"https:\/\/quiticol.com\/app\/webroot\/quimico\/wp-content\/uploads\/2022\/07\/post-enero3.png 960w, https:\/\/quiticol.com\/app\/webroot\/quimico\/wp-content\/uploads\/2022\/07\/post-enero3-300x163.png 300w, https:\/\/quiticol.com\/app\/webroot\/quimico\/wp-content\/uploads\/2022\/07\/post-enero3-768x416.png 768w, https:\/\/quiticol.com\/app\/webroot\/quimico\/wp-content\/uploads\/2022\/07\/post-enero3-416x225.png 416w\" sizes=\"auto, (max-width: 960px) 100vw, 960px\" \/><\/figure>\n<\/figure>\n<\/div>\n\n\n\n<div class=\"wp-block-column is-vertically-aligned-center is-layout-flow wp-block-column-is-layout-flow\">\n<h2 class=\"has-text-align-center wp-block-heading\">Piscinas y Agua Potable<\/h2>\n\n\n\n<p class=\"has-text-align-center\">Contamos con la linea completa de productos para el adecuado y eficiente  cuidado de piscinas o spa. Tambi\u00e9n contamos con cloros para potabilizaci\u00f3n de agua. <\/p>\n\n\n\n<p class=\"has-text-align-center\"><a href=\"https:\/\/quiticol.com\/app\/webroot\/quimico_newsite\/mercados\/piscinas-y-agua-potable\/\" data-type=\"page\" data-id=\"91\">VER M\u00c1S<\/a><\/p>\n<\/div>\n<\/div>\n\n\n\n<hr class=\"wp-block-separator has-alpha-channel-opacity\"\/>\n\n\n\n<p><\/p>\n\n\n\n<div class=\"wp-block-columns alignwide is-layout-flex wp-container-core-columns-is-layout-9d6595d7 wp-block-columns-is-layout-flex\">\n<div class=\"wp-block-column is-vertically-aligned-center is-layout-flow wp-block-column-is-layout-flow\">\n<h2 class=\"has-text-align-center wp-block-heading\">Hogar, Industrial e Institucional<\/h2>\n\n\n\n<p class=\"has-text-align-center\">Contamos con un amplio abanico de productos y especialidades basadas en las tecnolog\u00edas espec\u00edficas de limpieza y desinfecci\u00f3n. <\/p>\n\n\n\n<p class=\"has-text-align-center\"><a href=\"https:\/\/quiticol.com\/app\/webroot\/quimico_newsite\/mercados\/hogar-industrial-e-institucional\/\" data-type=\"page\" data-id=\"94\">VER M\u00c1S<\/a><\/p>\n<\/div>\n\n\n\n<div class=\"wp-block-column is-layout-flow wp-block-column-is-layout-flow\">\n<figure class=\"wp-block-image size-full is-style-default\"><img loading=\"lazy\" decoding=\"async\" width=\"960\" height=\"520\" src=\"https:\/\/quiticol.com\/app\/webroot\/quimico_newsite\/wp-content\/uploads\/2022\/07\/desinfeccion-total-limpiadores.png\" alt=\"\" class=\"wp-image-200\" srcset=\"https:\/\/quiticol.com\/app\/webroot\/quimico\/wp-content\/uploads\/2022\/07\/desinfeccion-total-limpiadores.png 960w, https:\/\/quiticol.com\/app\/webroot\/quimico\/wp-content\/uploads\/2022\/07\/desinfeccion-total-limpiadores-300x163.png 300w, https:\/\/quiticol.com\/app\/webroot\/quimico\/wp-content\/uploads\/2022\/07\/desinfeccion-total-limpiadores-768x416.png 768w, https:\/\/quiticol.com\/app\/webroot\/quimico\/wp-content\/uploads\/2022\/07\/desinfeccion-total-limpiadores-416x225.png 416w\" sizes=\"auto, (max-width: 960px) 100vw, 960px\" \/><\/figure>\n<\/div>\n<\/div>\n\n\n\n<hr class=\"wp-block-separator has-alpha-channel-opacity\"\/>\n\n\n\n<div class=\"wp-block-columns alignwide is-layout-flex wp-container-core-columns-is-layout-9d6595d7 wp-block-columns-is-layout-flex\">\n<div class=\"wp-block-column is-layout-flow wp-block-column-is-layout-flow\">\n<figure class=\"wp-block-image alignfull size-large is-style-default\"><img loading=\"lazy\" decoding=\"async\" width=\"1024\" height=\"425\" src=\"https:\/\/quiticol.com\/app\/webroot\/quimico_newsite\/wp-content\/uploads\/2022\/07\/logo-rawpure-01-1024x425.png\" alt=\"\" class=\"wp-image-201\" srcset=\"https:\/\/quiticol.com\/app\/webroot\/quimico\/wp-content\/uploads\/2022\/07\/logo-rawpure-01-1024x425.png 1024w, https:\/\/quiticol.com\/app\/webroot\/quimico\/wp-content\/uploads\/2022\/07\/logo-rawpure-01-300x125.png 300w, https:\/\/quiticol.com\/app\/webroot\/quimico\/wp-content\/uploads\/2022\/07\/logo-rawpure-01-768x319.png 768w, https:\/\/quiticol.com\/app\/webroot\/quimico\/wp-content\/uploads\/2022\/07\/logo-rawpure-01-1536x638.png 1536w, https:\/\/quiticol.com\/app\/webroot\/quimico\/wp-content\/uploads\/2022\/07\/logo-rawpure-01-2048x851.png 2048w, https:\/\/quiticol.com\/app\/webroot\/quimico\/wp-content\/uploads\/2022\/07\/logo-rawpure-01-416x173.png 416w\" sizes=\"auto, (max-width: 1024px) 100vw, 1024px\" \/><\/figure>\n<\/div>\n\n\n\n<div class=\"wp-block-column is-vertically-aligned-center is-layout-flow wp-block-column-is-layout-flow\">\n<h2 class=\"has-text-align-center wp-block-heading\">Cuidado Personal<\/h2>\n\n\n\n<p class=\"has-text-align-center\">Una marca consciente con el medio ambiente y su protecci\u00f3n no es una moda, es una obligaci\u00f3n. Nuestros productos son un reflejo de nuestro compromiso. Nos hemos inspirado en la naturaleza misma, para crear una linea de cuidado personal que ofrezca todas las bondades que la naturaleza brinda sin perjudicarla. <\/p>\n\n\n\n<p class=\"has-text-align-center\"><a href=\"https:\/\/quiticol.com\/app\/webroot\/quimico_newsite\/mercados\/cuidado-personal\/\" data-type=\"page\" data-id=\"82\">VER M\u00c1S<\/a><\/p>\n<\/div>\n<\/div>\n\n\n\n<hr class=\"wp-block-separator has-alpha-channel-opacity\"\/>\n\n\n\n<div class=\"wp-block-columns alignwide is-layout-flex wp-container-core-columns-is-layout-9d6595d7 wp-block-columns-is-layout-flex\">\n<div class=\"wp-block-column is-vertically-aligned-center is-layout-flow wp-block-column-is-layout-flow\">\n<h2 class=\"has-text-align-center wp-block-heading\">Marca Privada<\/h2>\n\n\n\n<p class=\"has-text-align-center\">Formulamos y fabricamos productos y soluciones a la medida de nuestros clientes.<\/p>\n\n\n\n<p class=\"has-text-align-center\"><a href=\"https:\/\/quiticol.com\/app\/webroot\/quimico_newsite\/mercados\/marca-privada\/\" data-type=\"page\" data-id=\"96\">VER M\u00c1S<\/a><\/p>\n<\/div>\n\n\n\n<div class=\"wp-block-column is-layout-flow wp-block-column-is-layout-flow\">\n<figure class=\"wp-block-image alignfull size-full is-style-default\"><img loading=\"lazy\" decoding=\"async\" width=\"500\" height=\"334\" src=\"https:\/\/quiticol.com\/app\/webroot\/quimico_newsite\/wp-content\/uploads\/2022\/07\/shutterstock_2153522223.jpg\" alt=\"\" class=\"wp-image-258\" srcset=\"https:\/\/quiticol.com\/app\/webroot\/quimico\/wp-content\/uploads\/2022\/07\/shutterstock_2153522223.jpg 500w, https:\/\/quiticol.com\/app\/webroot\/quimico\/wp-content\/uploads\/2022\/07\/shutterstock_2153522223-300x200.jpg 300w, https:\/\/quiticol.com\/app\/webroot\/quimico\/wp-content\/uploads\/2022\/07\/shutterstock_2153522223-416x278.jpg 416w\" sizes=\"auto, (max-width: 500px) 100vw, 500px\" \/><\/figure>\n<\/div>\n<\/div>\n\n\n\n<hr class=\"wp-block-separator has-alpha-channel-opacity\"\/>\n","protected":false},"excerpt":{"rendered":"<p>Piscinas y Agua Potable Contamos con la linea completa de productos para el adecuado y eficiente cuidado de piscinas o spa. Tambi\u00e9n contamos con cloros para potabilizaci\u00f3n de agua. VER M\u00c1S Hogar, Industrial e Institucional Contamos con un amplio abanico de productos y especialidades basadas en las tecnolog\u00edas espec\u00edficas de limpieza y desinfecci\u00f3n. VER M\u00c1S [&hellip;]<\/p>\n","protected":false},"author":1,"featured_media":0,"parent":0,"menu_order":0,"comment_status":"closed","ping_status":"closed","template":"template-fullwidth.php","meta":{"footnotes":""},"class_list":["post-29","page","type-page","status-publish","hentry"],"_links":{"self":[{"href":"https:\/\/quiticol.com\/app\/webroot\/quimico\/wp-json\/wp\/v2\/pages\/29","targetHints":{"allow":["GET"]}}],"collection":[{"href":"https:\/\/quiticol.com\/app\/webroot\/quimico\/wp-json\/wp\/v2\/pages"}],"about":[{"href":"https:\/\/quiticol.com\/app\/webroot\/quimico\/wp-json\/wp\/v2\/types\/page"}],"author":[{"embeddable":true,"href":"https:\/\/quiticol.com\/app\/webroot\/quimico\/wp-json\/wp\/v2\/users\/1"}],"replies":[{"embeddable":true,"href":"https:\/\/quiticol.com\/app\/webroot\/quimico\/wp-json\/wp\/v2\/comments?post=29"}],"version-history":[{"count":19,"href":"https:\/\/quiticol.com\/app\/webroot\/quimico\/wp-json\/wp\/v2\/pages\/29\/revisions"}],"predecessor-version":[{"id":374,"href":"https:\/\/quiticol.com\/app\/webroot\/quimico\/wp-json\/wp\/v2\/pages\/29\/revisions\/374"}],"wp:attachment":[{"href":"https:\/\/quiticol.com\/app\/webroot\/quimico\/wp-json\/wp\/v2\/media?parent=29"}],"curies":[{"name":"wp","href":"https:\/\/api.w.org\/{rel}","templated":true}]}}