{"id":71,"date":"2022-06-23T06:26:31","date_gmt":"2022-06-23T06:26:31","guid":{"rendered":"http:\/\/quiticol.com\/app\/webroot\/quimico_newsite\/product\/\/"},"modified":"2023-06-06T16:37:44","modified_gmt":"2023-06-06T16:37:44","slug":"desengrasante-profesional","status":"publish","type":"product","link":"https:\/\/quiticol.com\/app\/webroot\/quimico\/%product-slug%\/desengrasante-profesional\/","title":{"rendered":"Desengrasantes"},"content":{"rendered":"<p>&nbsp;<\/p>\n<p>&nbsp;<\/p>\n","protected":false},"excerpt":{"rendered":"<p><strong>Presentaci\u00f3n: Gal\u00f3n<\/strong><\/p>\n<p>Multiuso con aroma a chile<\/p>\n<p>Profesional\u00a0 sin aroma<\/p>\n<p>Producto biodegradable, es sencillo de utilizar ya que se puede aplicar directamente sobre las superficies<br \/>\ny enjuagar con agua. Su poder vers\u00e1til limpia y desinfecta equipos industriales, tuber\u00edas, paredes herramientas, tanques as\u00ed como para el hogar limpia y desengrasa vajillas, cuberter\u00eda, cristaler\u00eda y manchas de grasa en telas y ropa.<\/p>\n","protected":false},"featured_media":237,"template":"","meta":[],"product_cat":[26],"product_tag":[],"class_list":["post-71","product","type-product","status-publish","has-post-thumbnail","hentry","product_cat-cat-grease-cleanser"],"_links":{"self":[{"href":"https:\/\/quiticol.com\/app\/webroot\/quimico\/wp-json\/wp\/v2\/product\/71","targetHints":{"allow":["GET"]}}],"collection":[{"href":"https:\/\/quiticol.com\/app\/webroot\/quimico\/wp-json\/wp\/v2\/product"}],"about":[{"href":"https:\/\/quiticol.com\/app\/webroot\/quimico\/wp-json\/wp\/v2\/types\/product"}],"wp:featuredmedia":[{"embeddable":true,"href":"https:\/\/quiticol.com\/app\/webroot\/quimico\/wp-json\/wp\/v2\/media\/237"}],"wp:attachment":[{"href":"https:\/\/quiticol.com\/app\/webroot\/quimico\/wp-json\/wp\/v2\/media?parent=71"}],"wp:term":[{"taxonomy":"product_cat","embeddable":true,"href":"https:\/\/quiticol.com\/app\/webroot\/quimico\/wp-json\/wp\/v2\/product_cat?post=71"},{"taxonomy":"product_tag","embeddable":true,"href":"https:\/\/quiticol.com\/app\/webroot\/quimico\/wp-json\/wp\/v2\/product_tag?post=71"}],"curies":[{"name":"wp","href":"https:\/\/api.w.org\/{rel}","templated":true}]}}