{"id":91,"date":"2022-06-27T04:01:21","date_gmt":"2022-06-27T04:01:21","guid":{"rendered":"http:\/\/quiticol.com\/app\/webroot\/quimico_newsite\/?page_id=91"},"modified":"2023-04-21T16:15:45","modified_gmt":"2023-04-21T16:15:45","slug":"piscinas-y-agua-potable","status":"publish","type":"page","link":"https:\/\/quiticol.com\/app\/webroot\/quimico\/mercados\/piscinas-y-agua-potable\/","title":{"rendered":"Piscinas y Agua Potable"},"content":{"rendered":"\n<div class=\"wp-block-media-text alignwide has-media-on-the-right is-stacked-on-mobile\"><div class=\"wp-block-media-text__content\">\n<p class=\"has-text-align-center\">Contamos con un equipo profesional altamente calificado, dedicado a la conservaci\u00f3n, limpieza y mantenimiento de sus aguas recreativas, cumpliendo con las normas y requerimientos del pa\u00eds.<\/p>\n\n\n\n<p class=\"has-text-align-center\">Los productos qu\u00edmicos para piscina que se utilizan juegan un papel importante en el mantenimiento, la salud y la longevidad de su piscina y sus accesorios. Cuando tiene una piscina con niveles de pH equilibrados, dedica menos tiempo a la limpieza y el mantenimiento de la piscina. Con la combinaci\u00f3n correcta de productos qu\u00edmicos que trabajan para mantener su piscina limpia y segura, notar\u00e1 que su ropa de ba\u00f1o dura m\u00e1s, experimentar\u00e1 menos irritaci\u00f3n en los ojos y la piel, y descubrir\u00e1 que su cabello estar\u00e1 m\u00e1s saludable despu\u00e9s de una piscina prolongada o uso de ba\u00f1eras de hidromasaje<\/p>\n<\/div><figure class=\"wp-block-media-text__media\"><img loading=\"lazy\" decoding=\"async\" width=\"1000\" height=\"667\" src=\"https:\/\/quiticol.com\/app\/webroot\/quimico_newsite\/wp-content\/uploads\/2022\/07\/shutterstock_1455932765.jpg\" alt=\"\" class=\"wp-image-271 size-full\" srcset=\"https:\/\/quiticol.com\/app\/webroot\/quimico\/wp-content\/uploads\/2022\/07\/shutterstock_1455932765.jpg 1000w, https:\/\/quiticol.com\/app\/webroot\/quimico\/wp-content\/uploads\/2022\/07\/shutterstock_1455932765-300x200.jpg 300w, https:\/\/quiticol.com\/app\/webroot\/quimico\/wp-content\/uploads\/2022\/07\/shutterstock_1455932765-768x512.jpg 768w, https:\/\/quiticol.com\/app\/webroot\/quimico\/wp-content\/uploads\/2022\/07\/shutterstock_1455932765-416x277.jpg 416w\" sizes=\"auto, (max-width: 1000px) 100vw, 1000px\" \/><\/figure><\/div>\n\n\n\n<hr class=\"wp-block-separator has-alpha-channel-opacity\"\/>\n\n\n\n<div class=\"wp-block-media-text alignwide is-stacked-on-mobile\"><figure class=\"wp-block-media-text__media\"><img loading=\"lazy\" decoding=\"async\" width=\"1000\" height=\"667\" src=\"https:\/\/quiticol.com\/app\/webroot\/quimico_newsite\/wp-content\/uploads\/2022\/07\/shutterstock_2048005355.jpg\" alt=\"\" class=\"wp-image-272 size-full\" srcset=\"https:\/\/quiticol.com\/app\/webroot\/quimico\/wp-content\/uploads\/2022\/07\/shutterstock_2048005355.jpg 1000w, https:\/\/quiticol.com\/app\/webroot\/quimico\/wp-content\/uploads\/2022\/07\/shutterstock_2048005355-300x200.jpg 300w, https:\/\/quiticol.com\/app\/webroot\/quimico\/wp-content\/uploads\/2022\/07\/shutterstock_2048005355-768x512.jpg 768w, https:\/\/quiticol.com\/app\/webroot\/quimico\/wp-content\/uploads\/2022\/07\/shutterstock_2048005355-416x277.jpg 416w\" sizes=\"auto, (max-width: 1000px) 100vw, 1000px\" \/><\/figure><div class=\"wp-block-media-text__content\">\n<p class=\"has-text-align-center\">Si tiene un jacuzzi o un spa, entonces necesita productos qu\u00edmicos para desinfectar y desinfectar el agua y controlar el crecimiento de algas y bacterias da\u00f1inas. Pero para muchos nuevos propietarios de jacuzzis y spas, encontrar el equilibrio adecuado de productos qu\u00edmicos a veces puede ser un desaf\u00edo. Es importante utilizar el equilibrio adecuado cloro y otros productos qu\u00edmicos para spa para garantizar que el agua se mantenga clara y segura. <\/p>\n<\/div><\/div>\n\n\n\n<hr class=\"wp-block-separator has-alpha-channel-opacity\"\/>\n\n\n\n<h3 class=\"wp-block-heading has-text-align-center\">Potabilizaci\u00f3n de Agua<\/h3>\n\n\n\n<div class=\"wp-block-media-text alignwide has-media-on-the-right is-stacked-on-mobile\"><div class=\"wp-block-media-text__content\">\n<p>Hipoclorito de calcio: usos<\/p>\n\n\n\n<p class=\"has-text-align-center\"><strong>\u2022 Tratamiento de aguas con hipoclorito de calcio:<\/strong>&nbsp;debido a sus propiedades como agente desinfectante, funguicida, bactericida y microbicida, este compuesto es utilizado en el tratamiento y potabilizaci\u00f3n de aguas residuales, portables y para piscinas.<\/p>\n<\/div><figure class=\"wp-block-media-text__media\"><img loading=\"lazy\" decoding=\"async\" width=\"1000\" height=\"667\" src=\"https:\/\/quiticol.com\/app\/webroot\/quimico_newsite\/wp-content\/uploads\/2022\/07\/shutterstock_1548860402.jpg\" alt=\"\" class=\"wp-image-273 size-full\" srcset=\"https:\/\/quiticol.com\/app\/webroot\/quimico\/wp-content\/uploads\/2022\/07\/shutterstock_1548860402.jpg 1000w, https:\/\/quiticol.com\/app\/webroot\/quimico\/wp-content\/uploads\/2022\/07\/shutterstock_1548860402-300x200.jpg 300w, https:\/\/quiticol.com\/app\/webroot\/quimico\/wp-content\/uploads\/2022\/07\/shutterstock_1548860402-768x512.jpg 768w, https:\/\/quiticol.com\/app\/webroot\/quimico\/wp-content\/uploads\/2022\/07\/shutterstock_1548860402-416x277.jpg 416w\" sizes=\"auto, (max-width: 1000px) 100vw, 1000px\" \/><\/figure><\/div>\n","protected":false},"excerpt":{"rendered":"<p>Contamos con un equipo profesional altamente calificado, dedicado a la conservaci\u00f3n, limpieza y mantenimiento de sus aguas recreativas, cumpliendo con las normas y requerimientos del pa\u00eds. Los productos qu\u00edmicos para piscina que se utilizan juegan un papel importante en el mantenimiento, la salud y la longevidad de su piscina y sus accesorios. Cuando tiene una [&hellip;]<\/p>\n","protected":false},"author":1,"featured_media":0,"parent":29,"menu_order":0,"comment_status":"closed","ping_status":"closed","template":"template-fullwidth.php","meta":{"footnotes":""},"class_list":["post-91","page","type-page","status-publish","hentry"],"_links":{"self":[{"href":"https:\/\/quiticol.com\/app\/webroot\/quimico\/wp-json\/wp\/v2\/pages\/91","targetHints":{"allow":["GET"]}}],"collection":[{"href":"https:\/\/quiticol.com\/app\/webroot\/quimico\/wp-json\/wp\/v2\/pages"}],"about":[{"href":"https:\/\/quiticol.com\/app\/webroot\/quimico\/wp-json\/wp\/v2\/types\/page"}],"author":[{"embeddable":true,"href":"https:\/\/quiticol.com\/app\/webroot\/quimico\/wp-json\/wp\/v2\/users\/1"}],"replies":[{"embeddable":true,"href":"https:\/\/quiticol.com\/app\/webroot\/quimico\/wp-json\/wp\/v2\/comments?post=91"}],"version-history":[{"count":6,"href":"https:\/\/quiticol.com\/app\/webroot\/quimico\/wp-json\/wp\/v2\/pages\/91\/revisions"}],"predecessor-version":[{"id":726,"href":"https:\/\/quiticol.com\/app\/webroot\/quimico\/wp-json\/wp\/v2\/pages\/91\/revisions\/726"}],"up":[{"embeddable":true,"href":"https:\/\/quiticol.com\/app\/webroot\/quimico\/wp-json\/wp\/v2\/pages\/29"}],"wp:attachment":[{"href":"https:\/\/quiticol.com\/app\/webroot\/quimico\/wp-json\/wp\/v2\/media?parent=91"}],"curies":[{"name":"wp","href":"https:\/\/api.w.org\/{rel}","templated":true}]}}