{"id":33,"date":"2022-06-23T03:05:02","date_gmt":"2022-06-23T03:05:02","guid":{"rendered":"http:\/\/quiticol.com\/app\/webroot\/quimico_newsite\/?page_id=33"},"modified":"2023-04-21T16:07:58","modified_gmt":"2023-04-21T16:07:58","slug":"nuestra-compania","status":"publish","type":"page","link":"https:\/\/quiticol.com\/app\/webroot\/quimico\/nuestra-compania\/","title":{"rendered":"Nuestra Compa\u00f1\u00eda"},"content":{"rendered":"\n<p class=\"has-text-align-center\">La Tienda Del Quimico es la division de limpieza y desinfecci\u00f3n de Quiticol, empresa privada de productos qu\u00edmicos y soluciones especializadas con sede en Costa Rica, con presencia en el mercado centroamericano, suramericano y el caribe.&nbsp;<\/p>\n\n\n\n<p class=\"has-text-align-center\">Con mas de 20 a\u00f1os de existencia, Quiticol esta integrada por un equipo de trabajo de personas expertas en su campo, enfocadas en proveer servicio t\u00e9cnico de alta calidad en todas nuestras divisiones y l\u00edneas de negocio.&nbsp;<\/p>\n\n\n\n<p class=\"has-text-align-center\">Esta divisi\u00f3n se enfoca fundamentalmente en la fabricaci\u00f3n, distribuci\u00f3n y venta de qu\u00edmicos para mercado no industriales. Estamos en constante crecimiento y desarrollo de productos para satisfacer mercados en constante evoluci\u00f3n. <\/p>\n\n\n<div class=\"wp-block-image\">\n<figure class=\"aligncenter size-full\"><img loading=\"lazy\" decoding=\"async\" width=\"1000\" height=\"500\" src=\"https:\/\/quiticol.com\/app\/webroot\/quimico\/wp-content\/uploads\/2023\/04\/shutterstock_519473755.jpg\" alt=\"\" class=\"wp-image-716\" srcset=\"https:\/\/quiticol.com\/app\/webroot\/quimico\/wp-content\/uploads\/2023\/04\/shutterstock_519473755.jpg 1000w, https:\/\/quiticol.com\/app\/webroot\/quimico\/wp-content\/uploads\/2023\/04\/shutterstock_519473755-300x150.jpg 300w, https:\/\/quiticol.com\/app\/webroot\/quimico\/wp-content\/uploads\/2023\/04\/shutterstock_519473755-768x384.jpg 768w, https:\/\/quiticol.com\/app\/webroot\/quimico\/wp-content\/uploads\/2023\/04\/shutterstock_519473755-416x208.jpg 416w\" sizes=\"auto, (max-width: 1000px) 100vw, 1000px\" \/><\/figure>\n<\/div>\n\n\n<hr class=\"wp-block-separator has-alpha-channel-opacity\"\/>\n\n\n<div class=\"wp-block-image\">\n<figure class=\"aligncenter size-full\"><img loading=\"lazy\" decoding=\"async\" width=\"1024\" height=\"581\" src=\"https:\/\/quiticol.com\/app\/webroot\/quimico\/wp-content\/uploads\/2023\/04\/Quimica-responsable-4-1024x581-1.jpeg\" alt=\"\" class=\"wp-image-718\" srcset=\"https:\/\/quiticol.com\/app\/webroot\/quimico\/wp-content\/uploads\/2023\/04\/Quimica-responsable-4-1024x581-1.jpeg 1024w, https:\/\/quiticol.com\/app\/webroot\/quimico\/wp-content\/uploads\/2023\/04\/Quimica-responsable-4-1024x581-1-300x170.jpeg 300w, https:\/\/quiticol.com\/app\/webroot\/quimico\/wp-content\/uploads\/2023\/04\/Quimica-responsable-4-1024x581-1-768x436.jpeg 768w, https:\/\/quiticol.com\/app\/webroot\/quimico\/wp-content\/uploads\/2023\/04\/Quimica-responsable-4-1024x581-1-416x236.jpeg 416w\" sizes=\"auto, (max-width: 1024px) 100vw, 1024px\" \/><\/figure>\n<\/div>\n\n\n<hr class=\"wp-block-separator has-alpha-channel-opacity\"\/>\n\n\n\n<h2 class=\"wp-block-heading has-text-align-center\">RESPONSABILIDAD EMPRESARIAL Y POLITICA AMBIENTAL<\/h2>\n\n\n\n<p class=\"has-text-align-center\"><br>Nuestra pol\u00edtica de abastecimiento responsable busca garantizar pr\u00e1cticas \u00e9ticas en nuestra cadena de suministro, reducir el impacto ambiental y apoyar a los trabajadores y las comunidades en crecimiento. Estos valores incluyen c\u00f3mo trabajamos con nuestros proveedores a lo largo de nuestra cadena de suministro.<\/p>\n\n\n<div class=\"wp-block-image\">\n<figure class=\"aligncenter size-full\"><img loading=\"lazy\" decoding=\"async\" width=\"500\" height=\"333\" src=\"https:\/\/quiticol.com\/app\/webroot\/quimico\/wp-content\/uploads\/2023\/04\/shutterstock_1046751619.jpg\" alt=\"\" class=\"wp-image-719\" srcset=\"https:\/\/quiticol.com\/app\/webroot\/quimico\/wp-content\/uploads\/2023\/04\/shutterstock_1046751619.jpg 500w, https:\/\/quiticol.com\/app\/webroot\/quimico\/wp-content\/uploads\/2023\/04\/shutterstock_1046751619-300x200.jpg 300w, https:\/\/quiticol.com\/app\/webroot\/quimico\/wp-content\/uploads\/2023\/04\/shutterstock_1046751619-416x277.jpg 416w\" sizes=\"auto, (max-width: 500px) 100vw, 500px\" \/><\/figure>\n<\/div>\n\n\n<hr class=\"wp-block-separator has-alpha-channel-opacity\"\/>\n\n\n\n<h2 class=\"wp-block-heading has-text-align-center\">QU\u00cdMICA RESPONSABLE<\/h2>\n\n\n<div class=\"wp-block-image\">\n<figure class=\"aligncenter size-full\"><img loading=\"lazy\" decoding=\"async\" width=\"1024\" height=\"581\" src=\"https:\/\/quiticol.com\/app\/webroot\/quimico\/wp-content\/uploads\/2023\/04\/Quimica-responsable-2-1024x581-1.jpeg\" alt=\"\" class=\"wp-image-720\" srcset=\"https:\/\/quiticol.com\/app\/webroot\/quimico\/wp-content\/uploads\/2023\/04\/Quimica-responsable-2-1024x581-1.jpeg 1024w, https:\/\/quiticol.com\/app\/webroot\/quimico\/wp-content\/uploads\/2023\/04\/Quimica-responsable-2-1024x581-1-300x170.jpeg 300w, https:\/\/quiticol.com\/app\/webroot\/quimico\/wp-content\/uploads\/2023\/04\/Quimica-responsable-2-1024x581-1-768x436.jpeg 768w, https:\/\/quiticol.com\/app\/webroot\/quimico\/wp-content\/uploads\/2023\/04\/Quimica-responsable-2-1024x581-1-416x236.jpeg 416w\" sizes=\"auto, (max-width: 1024px) 100vw, 1024px\" \/><\/figure>\n<\/div>\n\n<div class=\"wp-block-image\">\n<figure class=\"aligncenter size-full\"><img loading=\"lazy\" decoding=\"async\" width=\"1024\" height=\"384\" src=\"https:\/\/quiticol.com\/app\/webroot\/quimico\/wp-content\/uploads\/2023\/04\/shutterstock_1552609727-2-1024x384-1.jpeg\" alt=\"\" class=\"wp-image-721\" srcset=\"https:\/\/quiticol.com\/app\/webroot\/quimico\/wp-content\/uploads\/2023\/04\/shutterstock_1552609727-2-1024x384-1.jpeg 1024w, https:\/\/quiticol.com\/app\/webroot\/quimico\/wp-content\/uploads\/2023\/04\/shutterstock_1552609727-2-1024x384-1-300x113.jpeg 300w, https:\/\/quiticol.com\/app\/webroot\/quimico\/wp-content\/uploads\/2023\/04\/shutterstock_1552609727-2-1024x384-1-768x288.jpeg 768w, https:\/\/quiticol.com\/app\/webroot\/quimico\/wp-content\/uploads\/2023\/04\/shutterstock_1552609727-2-1024x384-1-416x156.jpeg 416w\" sizes=\"auto, (max-width: 1024px) 100vw, 1024px\" \/><\/figure>\n<\/div>\n\n\n<hr class=\"wp-block-separator has-alpha-channel-opacity\"\/>\n\n\n\n<h2 class=\"wp-block-heading has-text-align-center\">INNOVACI\u00d3N Y DESARROLLO<\/h2>\n\n\n\n<p class=\"has-text-align-center\">Quiticol S.T.; S.A cuenta con laboratorios qu\u00edmicos administrados por profesionales t\u00e9cnicos de amplia experiencia en el campo del desarrollo tecnol\u00f3gico de productos y procesos en todas nuestras l\u00edneas de negocio.&nbsp;<\/p>\n\n\n\n<p class=\"has-text-align-center\">El efectivo estudio de los requerimientos y las condiciones variables de los diferentes procesos involucrados, son la base de la investigaci\u00f3n, para desarrollar y ofrecer los productos qu\u00edmicos que cumplan las funciones esperadas y la satisfacci\u00f3n de nuestros clientes.<\/p>\n\n\n\n<p class=\"has-text-align-center\">La frecuente y constante comunicaci\u00f3n con nuestros proveedores, permiten en conjunto desarrollar productos qu\u00edmicos de muy alta calidad, con precios competitivos en el mercado.<\/p>\n\n\n<div class=\"wp-block-image\">\n<figure class=\"aligncenter size-large\"><img loading=\"lazy\" decoding=\"async\" width=\"1024\" height=\"576\" src=\"https:\/\/quiticol.com\/app\/webroot\/quimico\/wp-content\/uploads\/2023\/04\/shutterstock_2113411385-1024x576.jpg\" alt=\"\" class=\"wp-image-722\" srcset=\"https:\/\/quiticol.com\/app\/webroot\/quimico\/wp-content\/uploads\/2023\/04\/shutterstock_2113411385-1024x576.jpg 1024w, https:\/\/quiticol.com\/app\/webroot\/quimico\/wp-content\/uploads\/2023\/04\/shutterstock_2113411385-300x169.jpg 300w, https:\/\/quiticol.com\/app\/webroot\/quimico\/wp-content\/uploads\/2023\/04\/shutterstock_2113411385-768x432.jpg 768w, https:\/\/quiticol.com\/app\/webroot\/quimico\/wp-content\/uploads\/2023\/04\/shutterstock_2113411385-1536x864.jpg 1536w, https:\/\/quiticol.com\/app\/webroot\/quimico\/wp-content\/uploads\/2023\/04\/shutterstock_2113411385-2048x1152.jpg 2048w, https:\/\/quiticol.com\/app\/webroot\/quimico\/wp-content\/uploads\/2023\/04\/shutterstock_2113411385-416x234.jpg 416w\" sizes=\"auto, (max-width: 1024px) 100vw, 1024px\" \/><\/figure>\n<\/div>\n\n\n<hr class=\"wp-block-separator has-alpha-channel-opacity\"\/>\n\n\n\n<blockquote class=\"wp-block-quote has-text-align-center is-layout-flow wp-block-quote-is-layout-flow\">\n<p><em>\u201cUna organizaci\u00f3n, no importa lo bien dise\u00f1ada que est\u00e9, es solo tan buena como las personas que viven y trabajan en la misma\u201d&nbsp;, Dee Hock<\/em><\/p>\n<\/blockquote>\n","protected":false},"excerpt":{"rendered":"<p>La Tienda Del Quimico es la division de limpieza y desinfecci\u00f3n de Quiticol, empresa privada de productos qu\u00edmicos y soluciones especializadas con sede en Costa Rica, con presencia en el mercado centroamericano, suramericano y el caribe.&nbsp; Con mas de 20 a\u00f1os de existencia, Quiticol esta integrada por un equipo de trabajo de personas expertas en [&hellip;]<\/p>\n","protected":false},"author":1,"featured_media":0,"parent":0,"menu_order":0,"comment_status":"closed","ping_status":"closed","template":"template-fullwidth.php","meta":{"footnotes":""},"class_list":["post-33","page","type-page","status-publish","hentry"],"_links":{"self":[{"href":"https:\/\/quiticol.com\/app\/webroot\/quimico\/wp-json\/wp\/v2\/pages\/33","targetHints":{"allow":["GET"]}}],"collection":[{"href":"https:\/\/quiticol.com\/app\/webroot\/quimico\/wp-json\/wp\/v2\/pages"}],"about":[{"href":"https:\/\/quiticol.com\/app\/webroot\/quimico\/wp-json\/wp\/v2\/types\/page"}],"author":[{"embeddable":true,"href":"https:\/\/quiticol.com\/app\/webroot\/quimico\/wp-json\/wp\/v2\/users\/1"}],"replies":[{"embeddable":true,"href":"https:\/\/quiticol.com\/app\/webroot\/quimico\/wp-json\/wp\/v2\/comments?post=33"}],"version-history":[{"count":9,"href":"https:\/\/quiticol.com\/app\/webroot\/quimico\/wp-json\/wp\/v2\/pages\/33\/revisions"}],"predecessor-version":[{"id":723,"href":"https:\/\/quiticol.com\/app\/webroot\/quimico\/wp-json\/wp\/v2\/pages\/33\/revisions\/723"}],"wp:attachment":[{"href":"https:\/\/quiticol.com\/app\/webroot\/quimico\/wp-json\/wp\/v2\/media?parent=33"}],"curies":[{"name":"wp","href":"https:\/\/api.w.org\/{rel}","templated":true}]}}